{"id":2263,"date":"2023-03-22T11:40:31","date_gmt":"2023-03-22T10:40:31","guid":{"rendered":"https:\/\/grup-raco.com\/tradicio-familiar\/"},"modified":"2023-04-11T12:58:50","modified_gmt":"2023-04-11T11:58:50","slug":"tradicio-familiar","status":"publish","type":"page","link":"https:\/\/grup-raco.com\/es\/tradicio-familiar\/","title":{"rendered":"Tradici\u00f3n familiar"},"content":{"rendered":"[vc_row full_width=\u00bbstretch_row_content_no_spaces\u00bb][vc_column css=\u00bb.vc_custom_1680254137627{margin-bottom: 0px !important;}\u00bb]<div class=\"wpex-slider-preloaderimg wpex-relative\"><img width=\"700\" height=\"626\" src=\"https:\/\/grup-raco.com\/wp-content\/uploads\/2023\/03\/home_historia.jpg\" class=\"skip-lazy\" alt=\"\" decoding=\"async\" data-no-lazy=\"1\" srcset=\"https:\/\/grup-raco.com\/wp-content\/uploads\/2023\/03\/home_historia.jpg 700w, https:\/\/grup-raco.com\/wp-content\/uploads\/2023\/03\/home_historia-300x268.jpg 300w, https:\/\/grup-raco.com\/wp-content\/uploads\/2023\/03\/home_historia-671x600.jpg 671w\" sizes=\"(max-width: 700px) 100vw, 700px\" \/><\/div><div class=\"vcex-module wpex-slider slider-pro vcex-image-slider wpex-clr\" data-auto-play-delay=\"5000\" data-animation-speed=\"600\" data-height-animation-duration=\"500\" data-thumbnail-height=\"70\" data-thumbnail-width=\"70\"><div class=\"wpex-slider-slides sp-slides\"><div class=\"wpex-slider-slide sp-slide\"><div class=\"wpex-slider-media\"><img width=\"700\" height=\"626\" src=\"https:\/\/grup-raco.com\/wp-content\/uploads\/2023\/03\/home_historia.jpg\" class=\"skip-lazy\" alt=\"\" decoding=\"async\" data-no-lazy=\"1\" srcset=\"https:\/\/grup-raco.com\/wp-content\/uploads\/2023\/03\/home_historia.jpg 700w, https:\/\/grup-raco.com\/wp-content\/uploads\/2023\/03\/home_historia-300x268.jpg 300w, https:\/\/grup-raco.com\/wp-content\/uploads\/2023\/03\/home_historia-671x600.jpg 671w\" sizes=\"(max-width: 700px) 100vw, 700px\" \/><\/div><\/div><\/div><\/div>[\/vc_column][\/vc_row][vc_row full_width=\u00bbstretch_row_content\u00bb content_placement=\u00bbmiddle\u00bb parallax=\u00bbcontent-moving\u00bb parallax_image=\u00bb2272&#8243; wpex_bg_overlay=\u00bbdark\u00bb css=\u00bb.vc_custom_1681211411972{margin-top: 15px !important;margin-right: 15px !important;margin-left: 15px !important;padding-top: 5% !important;padding-bottom: 5% !important;}\u00bb][vc_column width=\u00bb1\/4&#8243;][\/vc_column][vc_column width=\u00bb1\/4&#8243;][vc_column_text font_family=\u00bbGreat Vibes\u00bb color=\u00bb#c5ab6b\u00bb font_size=\u00bb40px\u00bb]Descubre\u2026[\/vc_column_text][vc_column_text color=\u00bb#ffffff\u00bb]\n<h3>NUESTRA HISTORIA<\/h3>\n<p>Rosa Nonell y M\u00f2nica Oleart son madre e hija. Se dedicaban al textil infantil y, en 1992, a causa de la crisis del momento, tuvieron que dejarlo. Pero dicen que cuando se cierra una puerta se abre una ventana y, en su caso, no cabe duda. Esa circunstancia les llev\u00f3 a dedicarse a la que siempre hab\u00eda sido la pasi\u00f3n de Rosa: la cocina.<\/p>\n<p>Ella siempre hab\u00eda disfrutado preparando deliciosas recetas tradicionales, tanto catalanas como de todo el mundo. Y ese placer por la cocina y la voluntad de compartirlo fue lo que las anim\u00f3 a adentrarse en el mundo de la hosteler\u00eda.<\/p>\n<p>Desde el principio tuvieron claro que se especializar\u00edan en cocina mediterr\u00e1nea, de mercado, con productos de temporada y de proximidad, sin perder nunca de vista las tendencias gastron\u00f3micas del momento. El tiempo ha demostrado que fue una elecci\u00f3n m\u00e1s que acertada.[\/vc_column_text][\/vc_column][vc_column width=\u00bb1\/4&#8243;][vc_column_text color=\u00bb#ffffff\u00bb]Dentro de una misma familia puede haber personas de todo tipo, opiniones para todos los gustos, los m\u00e1s variados puntos de vista&#8230; Detr\u00e1s de todo esto, sin embargo, hay algo intangible que, m\u00e1s all\u00e1 de la sangre, nos une a los nuestros. \u00bfUna filosof\u00eda de vida? \u00bfUna manera de hacer? Una marca personal que nos define y que Rosa y M\u00f2nica est\u00e1n orgullosas.<\/p>\n<p>Ahora, 24 a\u00f1os despu\u00e9s, ellas son las capitanas de El Rac\u00f3 del Navegant y el Rac\u00f3 19, restaurantes que tienen grabada su huella.<\/p>\n<p>Dos generaciones, dos miradas y un mismo objetivo: la felicidad de quienes visitan su casa.[\/vc_column_text][\/vc_column][vc_column width=\u00bb1\/4&#8243;][\/vc_column][\/vc_row][vc_row full_width=\u00bbstretch_row_content_no_spaces\u00bb css=\u00bb.vc_custom_1680255025126{margin-top: 15px !important;margin-right: 15px !important;margin-left: 15px !important;}\u00bb][vc_column css=\u00bb.vc_custom_1680254958323{margin-bottom: 0px !important;}\u00bb]<div class=\"vcex-module wpex-carousel wpex-carousel-images wpex-clr owl-carousel arrwstyle-default arrwpos-abs\" data-wpex-carousel=\"{&quot;slideBy&quot;:1,&quot;responsive&quot;:{&quot;0&quot;:{&quot;items&quot;:&quot;1&quot;},&quot;480&quot;:{&quot;items&quot;:&quot;2&quot;},&quot;768&quot;:{&quot;items&quot;:&quot;3&quot;},&quot;960&quot;:{&quot;items&quot;:&quot;4&quot;}},&quot;autoWidth&quot;:&quot;true&quot;}\"><div class=\"wpex-carousel-slide\"><figure class=\"wpex-carousel-entry-media entry-media\"><img data-no-lazy=\"1\" class=\"wpex-align-middle skip-lazy\" src=\"https:\/\/grup-raco.com\/wp-content\/uploads\/2023\/03\/logo-1-600x600.jpg\" alt=\"\" srcset=\"https:\/\/grup-raco.com\/wp-content\/uploads\/2023\/03\/logo-1-600x600.jpg 600w, https:\/\/grup-raco.com\/wp-content\/uploads\/2023\/03\/logo-1-300x300.jpg 300w, https:\/\/grup-raco.com\/wp-content\/uploads\/2023\/03\/logo-1-150x150.jpg 150w, https:\/\/grup-raco.com\/wp-content\/uploads\/2023\/03\/logo-1-768x768.jpg 768w, https:\/\/grup-raco.com\/wp-content\/uploads\/2023\/03\/logo-1.jpg 1000w\" width=\"600\" height=\"600\"><\/figure><\/div><div class=\"wpex-carousel-slide\"><figure class=\"wpex-carousel-entry-media entry-media\"><img data-no-lazy=\"1\" class=\"wpex-align-middle skip-lazy\" src=\"https:\/\/grup-raco.com\/wp-content\/uploads\/2023\/03\/logo-2-600x600.jpg\" alt=\"\" srcset=\"https:\/\/grup-raco.com\/wp-content\/uploads\/2023\/03\/logo-2-600x600.jpg 600w, https:\/\/grup-raco.com\/wp-content\/uploads\/2023\/03\/logo-2-300x300.jpg 300w, https:\/\/grup-raco.com\/wp-content\/uploads\/2023\/03\/logo-2-1024x1024.jpg 1024w, https:\/\/grup-raco.com\/wp-content\/uploads\/2023\/03\/logo-2-150x150.jpg 150w, https:\/\/grup-raco.com\/wp-content\/uploads\/2023\/03\/logo-2-768x768.jpg 768w, https:\/\/grup-raco.com\/wp-content\/uploads\/2023\/03\/logo-2.jpg 1124w\" width=\"600\" height=\"600\"><\/figure><\/div><div class=\"wpex-carousel-slide\"><figure class=\"wpex-carousel-entry-media entry-media\"><img data-no-lazy=\"1\" class=\"wpex-align-middle skip-lazy\" src=\"https:\/\/grup-raco.com\/wp-content\/uploads\/2023\/03\/home_historia-671x600.jpg\" alt=\"\" srcset=\"https:\/\/grup-raco.com\/wp-content\/uploads\/2023\/03\/home_historia-671x600.jpg 671w, https:\/\/grup-raco.com\/wp-content\/uploads\/2023\/03\/home_historia-300x268.jpg 300w, https:\/\/grup-raco.com\/wp-content\/uploads\/2023\/03\/home_historia.jpg 700w\" width=\"671\" height=\"600\"><\/figure><\/div><\/div>[\/vc_column][\/vc_row][vc_row full_width=\u00bbstretch_row_content_no_spaces\u00bb content_placement=\u00bbmiddle\u00bb parallax=\u00bbvcex_parallax\u00bb parallax_image=\u00bb1781&#8243; wpex_bg_overlay=\u00bbdark\u00bb css=\u00bb.vc_custom_1680255096164{margin-top: 15px !important;margin-right: 15px !important;margin-left: 15px !important;}\u00bb][vc_column width=\u00bb1\/3&#8243;][\/vc_column][vc_column width=\u00bb1\/3&#8243;][vc_empty_space]\n<div class=\"wpcf7 no-js\" id=\"wpcf7-f2286-o1\" lang=\"ca\" dir=\"ltr\">\n<div class=\"screen-reader-response\"><p role=\"status\" aria-live=\"polite\" aria-atomic=\"true\"><\/p> <ul><\/ul><\/div>\n<form action=\"\/es\/wp-json\/wp\/v2\/pages\/2263#wpcf7-f2286-o1\" method=\"post\" class=\"wpcf7-form init\" aria-label=\"Formulari de contacte\" novalidate=\"novalidate\" data-status=\"init\">\n<div style=\"display: none;\">\n<input type=\"hidden\" name=\"_wpcf7\" value=\"2286\" \/>\n<input type=\"hidden\" name=\"_wpcf7_version\" value=\"5.7.5.1\" \/>\n<input type=\"hidden\" name=\"_wpcf7_locale\" value=\"ca\" \/>\n<input type=\"hidden\" name=\"_wpcf7_unit_tag\" value=\"wpcf7-f2286-o1\" \/>\n<input type=\"hidden\" name=\"_wpcf7_container_post\" value=\"0\" \/>\n<input type=\"hidden\" name=\"_wpcf7_posted_data_hash\" value=\"\" \/>\n<input type=\"hidden\" name=\"_wpcf7_recaptcha_response\" value=\"\" \/>\n<\/div>\n<p><label> Nombre (obligatorio)<br \/>\n<span class=\"wpcf7-form-control-wrap\" data-name=\"your-name\"><input size=\"40\" class=\"wpcf7-form-control wpcf7-text wpcf7-validates-as-required\" aria-required=\"true\" aria-invalid=\"false\" value=\"\" type=\"text\" name=\"your-name\" \/><\/span> <\/label>\n<\/p>\n<p><label> Tel\u00e9fono m\u00f3vil (obligatorio)<br \/>\n<span class=\"wpcf7-form-control-wrap\" data-name=\"your-tel\"><input size=\"40\" class=\"wpcf7-form-control wpcf7-text wpcf7-tel wpcf7-validates-as-required wpcf7-validates-as-tel\" aria-required=\"true\" aria-invalid=\"false\" value=\"\" type=\"tel\" name=\"your-tel\" \/><\/span> <\/label>\n<\/p>\n<p><label> Correo electr\u00f3nico<br \/>\n<span class=\"wpcf7-form-control-wrap\" data-name=\"your-email\"><input size=\"40\" class=\"wpcf7-form-control wpcf7-text wpcf7-email wpcf7-validates-as-required wpcf7-validates-as-email\" aria-required=\"true\" aria-invalid=\"false\" value=\"\" type=\"email\" name=\"your-email\" \/><\/span> <\/label>\n<\/p>\n<p><label> T\u00edtulo<br \/>\n<span class=\"wpcf7-form-control-wrap\" data-name=\"your-subject\"><input size=\"40\" class=\"wpcf7-form-control wpcf7-text\" aria-invalid=\"false\" value=\"\" type=\"text\" name=\"your-subject\" \/><\/span> <\/label>\n<\/p>\n<p><label> Mensaje<br \/>\n<span class=\"wpcf7-form-control-wrap\" data-name=\"your-message\"><textarea cols=\"40\" rows=\"10\" class=\"wpcf7-form-control wpcf7-textarea\" aria-invalid=\"false\" name=\"your-message\"><\/textarea><\/span> <\/label>\n<\/p>\n<p><input class=\"wpcf7-form-control has-spinner wpcf7-submit\" type=\"submit\" value=\"Env\u00eda\" \/>\n<\/p><div class=\"wpcf7-response-output\" aria-hidden=\"true\"><\/div>\n<\/form>\n<\/div>\n[\/vc_column][vc_column width=\u00bb1\/3&#8243;][\/vc_column][\/vc_row]\n","protected":false},"excerpt":{"rendered":"<p>[vc_row full_width=\u00bbstretch_row_content_no_spaces\u00bb][vc_column css=\u00bb.vc_custom_1680254137627{margin-bottom: 0px !important;}\u00bb][\/vc_column][\/vc_row][vc_row full_width=\u00bbstretch_row_content\u00bb content_placement=\u00bbmiddle\u00bb parallax=\u00bbcontent-moving\u00bb parallax_image=\u00bb2272&#8243; wpex_bg_overlay=\u00bbdark\u00bb css=\u00bb.vc_custom_1681211411972{margin-top: 15px !important;margin-right: 15px !important;margin-left: 15px !important;padding-top: 5% !important;padding-bottom: 5% !important;}\u00bb][vc_column width=\u00bb1\/4&#8243;][\/vc_column][vc_column width=\u00bb1\/4&#8243;][vc_column_text font_family=\u00bbGreat Vibes\u00bb color=\u00bb#c5ab6b\u00bb font_size=\u00bb40px\u00bb]Descubre\u2026[\/vc_column_text][vc_column_text color=\u00bb#ffffff\u00bb] NUESTRA HISTORIA Rosa Nonell y M\u00f2nica Oleart son madre e hija. Se dedicaban al textil infantil y, en 1992, a causa de la crisis del momento, tuvieron&hellip;<\/p>\n","protected":false},"author":1,"featured_media":0,"parent":0,"menu_order":0,"comment_status":"closed","ping_status":"closed","template":"templates\/no-sidebar.php","meta":[],"_links":{"self":[{"href":"https:\/\/grup-raco.com\/es\/wp-json\/wp\/v2\/pages\/2263"}],"collection":[{"href":"https:\/\/grup-raco.com\/es\/wp-json\/wp\/v2\/pages"}],"about":[{"href":"https:\/\/grup-raco.com\/es\/wp-json\/wp\/v2\/types\/page"}],"author":[{"embeddable":true,"href":"https:\/\/grup-raco.com\/es\/wp-json\/wp\/v2\/users\/1"}],"replies":[{"embeddable":true,"href":"https:\/\/grup-raco.com\/es\/wp-json\/wp\/v2\/comments?post=2263"}],"version-history":[{"count":5,"href":"https:\/\/grup-raco.com\/es\/wp-json\/wp\/v2\/pages\/2263\/revisions"}],"predecessor-version":[{"id":2304,"href":"https:\/\/grup-raco.com\/es\/wp-json\/wp\/v2\/pages\/2263\/revisions\/2304"}],"wp:attachment":[{"href":"https:\/\/grup-raco.com\/es\/wp-json\/wp\/v2\/media?parent=2263"}],"curies":[{"name":"wp","href":"https:\/\/api.w.org\/{rel}","templated":true}]}}